{"id":2,"date":"2013-05-07T08:27:18","date_gmt":"2013-05-07T08:27:18","guid":{"rendered":"http:\/\/orrbeck.se\/Raknesnurran\/wordpress\/?page_id=2"},"modified":"2025-09-04T15:19:34","modified_gmt":"2025-09-04T14:19:34","slug":"sample-page","status":"publish","type":"page","link":"http:\/\/www.raknesnurran.se\/","title":{"rendered":"Startsida"},"content":{"rendered":"<div class=\"wp-block-image\">\n<figure class=\"aligncenter size-full is-resized\"><img loading=\"lazy\" decoding=\"async\" width=\"1020\" height=\"450\" src=\"http:\/\/www.raknesnurran.se\/wp-content\/uploads\/2013\/05\/Startbild.jpg\" alt=\"\" class=\"wp-image-10\" style=\"width:1170px;height:auto\" srcset=\"http:\/\/www.raknesnurran.se\/wp-content\/uploads\/2013\/05\/Startbild.jpg 1020w, http:\/\/www.raknesnurran.se\/wp-content\/uploads\/2013\/05\/Startbild-300x132.jpg 300w, http:\/\/www.raknesnurran.se\/wp-content\/uploads\/2013\/05\/Startbild-640x282.jpg 640w, http:\/\/www.raknesnurran.se\/wp-content\/uploads\/2013\/05\/Startbild-940x414.jpg 940w\" sizes=\"auto, (max-width: 1020px) 100vw, 1020px\" \/><\/figure>\n<\/div>\n\n<p><strong>R\u00e4knesnurran Ekonomi \u00e4r en liten redovisningsbyr\u00e5 med personlig stil.<\/strong><br \/>Vi arbetar med de flesta f\u00f6retagsformer s\u00e5som Aktiebolag, Handelsbolag, Kommanditbolag, Enskilda firmor, Ekonomiska f\u00f6reningar och stiftelser. V\u00e5ra kunder finns inom vitt skilda verksamheter.\u00a0<em>Vi \u00e4r din ekonomiavdelning!<\/em><\/p>\n<p><strong>Tj\u00e4nster som vi erbjuder:<\/strong><\/p>\n<p>\u2022 L\u00f6pande bokf\u00f6ring<br \/>\u2022 Bokf\u00f6ring och betalning av leverant\u00f6rsfakturor<br \/>\u2022 Kundfakturor<br \/>\u2022 Ber\u00e4knar och g\u00f6r l\u00f6ner\/l\u00f6nebesked<br \/>\u2022 Myndighetskontakter, till exempel Skatteverket och Bolagsverket<br \/>\u2022 Momsredovisningar<br \/>\u2022 Bokslut<br \/>\u2022 \u00c5rsredovisningar<br \/>\u2022 Deklarationer<\/p>\n<p>Vad n\u00e5gra av v\u00e5ra kunder s\u00e4ger:<\/p>\n<blockquote>\n<p>&#8220;F\u00f6r mig och min verksamhet \u00e4r R\u00e4knesnurran Ekonomi ov\u00e4rderlig. D\u00e5 jag beh\u00f6ver fokusera p\u00e5 att arbeta st\u00e5r R\u00e4knesnurran f\u00f6r avlastning och trygghet. Dessutom med ett informellt bem\u00f6tande som alltid k\u00e4nns v\u00e4lkomnande.&#8221; <br \/><em>Marie \u00d6stblom, Produktionsutvecklare inom kultur \u2013 \u00d6stblom \u2013 Vision &amp; Produktion.<\/em><\/p>\n<hr \/>\n<p>V\u00e5rt f\u00f6retag har anlitat R\u00e4knesnurran sedan starten f\u00f6r ett flertal \u00e5r sedan och aldrig \u00e5ngrat oss en sekund. Stor professionalitet, starkt f\u00f6rtroende och personligt engagemang genomsyrar deras arbete. Snurran rekommenderas varmt!\u00a0<br \/><em>Lasse Svensson, Utbildningschef \u2013 SVEAS.<\/em><\/p>\n<\/blockquote>","protected":false},"excerpt":{"rendered":"<p>R\u00e4knesnurran Ekonomi \u00e4r en liten redovisningsbyr\u00e5 med personlig stil.Vi arbetar med de flesta f\u00f6retagsformer s\u00e5som Aktiebolag, Handelsbolag, Kommanditbolag, Enskilda firmor, Ekonomiska f\u00f6reningar och stiftelser. V\u00e5ra kunder finns inom vitt skilda verksamheter.\u00a0Vi \u00e4r din ekonomiavdelning! Tj\u00e4nster som vi erbjuder: \u2022 L\u00f6pande bokf\u00f6ring\u2022 Bokf\u00f6ring och betalning av leverant\u00f6rsfakturor\u2022 Kundfakturor\u2022 Ber\u00e4knar och g\u00f6r l\u00f6ner\/l\u00f6nebesked\u2022 Myndighetskontakter, till exempel Skatteverket&hellip;&nbsp;<a href=\"http:\/\/www.raknesnurran.se\/\" rel=\"bookmark\"><span class=\"screen-reader-text\">Startsida<\/span><\/a><\/p>\n","protected":false},"author":1,"featured_media":10,"parent":0,"menu_order":0,"comment_status":"open","ping_status":"open","template":"","meta":{"neve_meta_sidebar":"","neve_meta_container":"","neve_meta_enable_content_width":"","neve_meta_content_width":0,"neve_meta_title_alignment":"","neve_meta_author_avatar":"","neve_post_elements_order":"","neve_meta_disable_header":"","neve_meta_disable_footer":"off","neve_meta_disable_title":"","footnotes":""},"class_list":["post-2","page","type-page","status-publish","has-post-thumbnail","hentry"],"_links":{"self":[{"href":"http:\/\/www.raknesnurran.se\/index.php?rest_route=\/wp\/v2\/pages\/2","targetHints":{"allow":["GET"]}}],"collection":[{"href":"http:\/\/www.raknesnurran.se\/index.php?rest_route=\/wp\/v2\/pages"}],"about":[{"href":"http:\/\/www.raknesnurran.se\/index.php?rest_route=\/wp\/v2\/types\/page"}],"author":[{"embeddable":true,"href":"http:\/\/www.raknesnurran.se\/index.php?rest_route=\/wp\/v2\/users\/1"}],"replies":[{"embeddable":true,"href":"http:\/\/www.raknesnurran.se\/index.php?rest_route=%2Fwp%2Fv2%2Fcomments&post=2"}],"version-history":[{"count":38,"href":"http:\/\/www.raknesnurran.se\/index.php?rest_route=\/wp\/v2\/pages\/2\/revisions"}],"predecessor-version":[{"id":440,"href":"http:\/\/www.raknesnurran.se\/index.php?rest_route=\/wp\/v2\/pages\/2\/revisions\/440"}],"wp:featuredmedia":[{"embeddable":true,"href":"http:\/\/www.raknesnurran.se\/index.php?rest_route=\/wp\/v2\/media\/10"}],"wp:attachment":[{"href":"http:\/\/www.raknesnurran.se\/index.php?rest_route=%2Fwp%2Fv2%2Fmedia&parent=2"}],"curies":[{"name":"wp","href":"https:\/\/api.w.org\/{rel}","templated":true}]}}