{"id":15,"date":"2013-05-07T09:30:04","date_gmt":"2013-05-07T09:30:04","guid":{"rendered":"http:\/\/orrbeck.se\/Raknesnurran\/wordpress\/?page_id=15"},"modified":"2025-09-04T14:48:21","modified_gmt":"2025-09-04T13:48:21","slug":"historia","status":"publish","type":"page","link":"http:\/\/www.raknesnurran.se\/?page_id=15","title":{"rendered":"Historia"},"content":{"rendered":"<p>Birgitta Lindskog startade i b\u00f6rjan av 90-talet R\u00e4knesnurran Ekonomi som en enskild firma hemma i bostaden. I samband med att uppdragen \u00f6kade och en anst\u00e4lld klev in flyttade vi till en liten lokal p\u00e5 von Holtensgatan.<br \/>\n1996 startade aktiebolaget R\u00e4knesnurran Ekonomi. Bolaget har flyttat vidare och sedan 2025 finns vi p\u00e5 Herkulesgatan 3A.<br \/>\n2025 s\u00e5 gick Birgitta i pension och bolaget drivs numera av Jeanette &amp; Lotta<\/p>\n<p><img loading=\"lazy\" decoding=\"async\" src=\"http:\/\/www.raknesnurran.se\/wp-content\/uploads\/2013\/05\/Raknesnurra_V-300x185.jpg\" alt=\"Raknesnurra_V\" width=\"300\" height=\"185\" \/><br \/>\n<em>Namnet R\u00e4knesnurran tillkom under ett m\u00f6te mellan Birgitta och hennes mentor. R\u00e4knesnurran \u00e4r en svensk uppfinning fr\u00e5n 1874 av Willgodt Odhner. Den \u00e4r en f\u00f6reg\u00e5ngare till dagens minir\u00e4knare, en maskin som kunde de fyra r\u00e4knes\u00e4tten.<\/em><\/p>\n","protected":false},"excerpt":{"rendered":"<p>Birgitta Lindskog startade i b\u00f6rjan av 90-talet R\u00e4knesnurran Ekonomi som en enskild firma hemma i bostaden. I samband med att uppdragen \u00f6kade och en anst\u00e4lld klev in flyttade vi till en liten lokal p\u00e5 von Holtensgatan. 1996 startade aktiebolaget R\u00e4knesnurran Ekonomi. Bolaget har flyttat vidare och sedan 2025 finns vi p\u00e5 Herkulesgatan 3A. 2025 s\u00e5&hellip;&nbsp;<a href=\"http:\/\/www.raknesnurran.se\/?page_id=15\" rel=\"bookmark\"><span class=\"screen-reader-text\">Historia<\/span><\/a><\/p>\n","protected":false},"author":1,"featured_media":0,"parent":0,"menu_order":0,"comment_status":"open","ping_status":"open","template":"","meta":{"neve_meta_sidebar":"","neve_meta_container":"","neve_meta_enable_content_width":"","neve_meta_content_width":0,"neve_meta_title_alignment":"","neve_meta_author_avatar":"","neve_post_elements_order":"","neve_meta_disable_header":"","neve_meta_disable_footer":"","neve_meta_disable_title":"","footnotes":""},"class_list":["post-15","page","type-page","status-publish","hentry"],"_links":{"self":[{"href":"http:\/\/www.raknesnurran.se\/index.php?rest_route=\/wp\/v2\/pages\/15","targetHints":{"allow":["GET"]}}],"collection":[{"href":"http:\/\/www.raknesnurran.se\/index.php?rest_route=\/wp\/v2\/pages"}],"about":[{"href":"http:\/\/www.raknesnurran.se\/index.php?rest_route=\/wp\/v2\/types\/page"}],"author":[{"embeddable":true,"href":"http:\/\/www.raknesnurran.se\/index.php?rest_route=\/wp\/v2\/users\/1"}],"replies":[{"embeddable":true,"href":"http:\/\/www.raknesnurran.se\/index.php?rest_route=%2Fwp%2Fv2%2Fcomments&post=15"}],"version-history":[{"count":29,"href":"http:\/\/www.raknesnurran.se\/index.php?rest_route=\/wp\/v2\/pages\/15\/revisions"}],"predecessor-version":[{"id":422,"href":"http:\/\/www.raknesnurran.se\/index.php?rest_route=\/wp\/v2\/pages\/15\/revisions\/422"}],"wp:attachment":[{"href":"http:\/\/www.raknesnurran.se\/index.php?rest_route=%2Fwp%2Fv2%2Fmedia&parent=15"}],"curies":[{"name":"wp","href":"https:\/\/api.w.org\/{rel}","templated":true}]}}