{"id":13,"date":"2013-05-07T09:29:20","date_gmt":"2013-05-07T09:29:20","guid":{"rendered":"http:\/\/orrbeck.se\/Raknesnurran\/wordpress\/?page_id=13"},"modified":"2025-09-04T15:23:06","modified_gmt":"2025-09-04T14:23:06","slug":"information","status":"publish","type":"page","link":"http:\/\/www.raknesnurran.se\/?page_id=13","title":{"rendered":"Information"},"content":{"rendered":"<p><b><i>Fredag 9 maj 2025<br \/>\n<\/i><\/b><\/p>\n<p><strong>Vi har flyttat<br \/>\n<\/strong>Vi sitter nu mer p\u00e5 Herkulesgatan 3A.<\/p>\n<p>&nbsp;<\/p>\n<p><b>Moms varje m\u00e5nad<br \/>\n<\/b>Juni m\u00e5nads papper\u00a0\u00a0 \u00a0\u00a0\u00a0\u00a0\u00a0\u00a0\u00a0\u00a0\u00a0\u00a0\u00a0\u00a0\u00a0\u00a0\u00a0\u00a0\u00a0\u00a0\u00a0\u00a0\u00a0\u00a0\u00a0\u00a0\u00a0 Senast den 12 jul<br \/>\nJuli m\u00e5nads papper\u00a0\u00a0\u00a0\u00a0\u00a0\u00a0\u00a0\u00a0\u00a0\u00a0\u00a0\u00a0\u00a0\u00a0\u00a0\u00a0\u00a0\u00a0\u00a0\u00a0\u00a0\u00a0\u00a0\u00a0\u00a0\u00a0\u00a0\u00a0\u00a0\u00a0 Senast den 19 augusti<\/p>\n<p><b>Trem\u00e5naders moms<br \/>\n<\/b>Kvartal 2\u00a0\u00a0\u00a0\u00a0\u00a0\u00a0\u00a0\u00a0\u00a0\u00a0\u00a0\u00a0\u00a0\u00a0\u00a0\u00a0\u00a0\u00a0\u00a0\u00a0\u00a0\u00a0\u00a0\u00a0\u00a0\u00a0\u00a0\u00a0\u00a0\u00a0\u00a0\u00a0\u00a0\u00a0\u00a0\u00a0\u00a0\u00a0\u00a0\u00a0\u00a0\u00a0\u00a0\u00a0\u00a0\u00a0\u00a0\u00a0\u00a0\u00a0 Senast den 12 juli<\/p>\n<p><b>L\u00f6ner<br \/>\n<\/b>Juli m\u00e5nads l\u00f6neutbetalning\u00a0\u00a0\u00a0\u00a0\u00a0\u00a0\u00a0\u00a0\u00a0\u00a0\u00a0\u00a0\u00a0\u00a0 Senast den 8 juli<br \/>\nAugusti m\u00e5nads l\u00f6neutbetalning\u00a0\u00a0\u00a0\u00a0\u00a0\u00a0 Senast den 10 augusti<\/p>\n<p>Vecka 29-30 (18\/7-1\/8) \u00e4r kontoret helt st\u00e4ngt, vi \u00e4r \u00e5ter p\u00e5 plats <strong>tisdagen den 2 augusti.<\/strong><\/p>\n<p><em>Ha en underbar sommar!<\/em><br \/>\n<em>Snurrorna<\/em><\/p>\n<p><strong><em> Tisdag 25 maj<\/em><\/strong><strong><em>\u00a02021<\/em><\/strong><\/p>\n<p><strong>Sommartider<br \/>\n<\/strong>Nu \u00e4r sommaren n\u00e4stan h\u00e4r och d\u00e5 \u00e4r det dags f\u00f6r oss att informerar om att det \u00e4r extra viktigt att vi f\u00e5r in era underlag i tid.<\/p>\n<p>F\u00f6r att ni skall vara garanterade att f\u00e5 arbetet utf\u00f6rt i tid g\u00e4ller f\u00f6ljande:<\/p>\n<p><b>Moms varje m\u00e5nad<br \/>\n<\/b>Juni m\u00e5nads papper\u00a0\u00a0 \u00a0\u00a0\u00a0\u00a0\u00a0\u00a0\u00a0\u00a0\u00a0\u00a0\u00a0\u00a0\u00a0\u00a0\u00a0\u00a0\u00a0\u00a0\u00a0\u00a0\u00a0\u00a0\u00a0\u00a0\u00a0 Senast den 12 jul<br \/>\nJuli m\u00e5nads papper\u00a0\u00a0\u00a0\u00a0\u00a0\u00a0\u00a0\u00a0\u00a0\u00a0\u00a0\u00a0\u00a0\u00a0\u00a0\u00a0\u00a0\u00a0\u00a0\u00a0\u00a0\u00a0\u00a0\u00a0\u00a0\u00a0\u00a0\u00a0\u00a0\u00a0 Senast den 20 augusti<\/p>\n<p><b>Trem\u00e5naders moms<br \/>\n<\/b>Kvartal 2\u00a0\u00a0\u00a0\u00a0\u00a0\u00a0\u00a0\u00a0\u00a0\u00a0\u00a0\u00a0\u00a0\u00a0\u00a0\u00a0\u00a0\u00a0\u00a0\u00a0\u00a0\u00a0\u00a0\u00a0\u00a0\u00a0\u00a0\u00a0\u00a0\u00a0\u00a0\u00a0\u00a0\u00a0\u00a0\u00a0\u00a0\u00a0\u00a0\u00a0\u00a0\u00a0\u00a0\u00a0\u00a0\u00a0\u00a0\u00a0\u00a0\u00a0 Senast den 12 juli<\/p>\n<p><b>L\u00f6ner<br \/>\n<\/b>Juli m\u00e5nads l\u00f6neutbetalning\u00a0\u00a0\u00a0\u00a0\u00a0\u00a0\u00a0\u00a0\u00a0\u00a0\u00a0\u00a0\u00a0\u00a0 Senast den 9 juli<br \/>\nAugusti m\u00e5nads l\u00f6neutbetalning\u00a0\u00a0\u00a0\u00a0\u00a0\u00a0 Senast den 10 augusti<\/p>\n<p>Vecka 29-30 (19\/7-1\/8) \u00e4r kontoret helt st\u00e4ngt.<\/p>\n<p><em>Ha en underbar sommar!<\/em><br \/>\n<em> Snurrorna<\/em><\/p>\n<p>&nbsp;<\/p>\n<p><strong><em>Fredag 3 <\/em><\/strong><strong><em>juli 2020<\/em><\/strong><\/p>\n<p><strong>Sommartider<br \/>\n<\/strong>I \u00e5r kommer kontoret vara helt st\u00e4ngt vecka 30-31 (20\/7-2\/8).<\/p>\n<p>Inl\u00e4mning av era papper beh\u00f6ver g\u00f6ras enligt f\u00f6ljande f\u00f6r att vi skall hinna med under sommaren:<\/p>\n<p>F\u00f6r er som vi g\u00f6r momsdeklaration s\u00e5 m\u00e5ste\u00a0<strong>JUNI:s <\/strong>papper vara inne senast <strong>13 juli<\/strong>.<br \/>\nF\u00f6r er som vi g\u00f6r arbetsgivardeklaration m\u00e5ste <strong>JULIS:s<\/strong> l\u00f6neunderlag vara oss till handa senast <strong>10 juli<\/strong>.<em id=\"__mceDel\">\u00a0<\/em><\/p>\n<p>F\u00f6r er som vi g\u00f6r momsdeklaration s\u00e5 m\u00e5ste\u00a0<strong>JULI:s<\/strong> papper vara inne senast <strong>20 augusti<\/strong>.<br \/>\nF\u00f6r er som vi g\u00f6r arbetsgivardeklaration m\u00e5ste\u00a0<strong>AUGUSTI:s<\/strong> l\u00f6neunderlag vara oss till handa senast <strong>10 augusti<\/strong>.<\/p>\n<p><em><em><em><em><em><em><em><em><i><em><em>Trevlig sommar!<br \/>\n<\/em><\/em><\/i><\/em><\/em><\/em><\/em><\/em><\/em><\/em><\/em><em><em><em><em><em><em><em><em><i><em><em>Snurrorna<\/em><\/em><\/i><\/em><\/em><\/em><\/em><\/em><\/em><\/em><\/em><\/p>\n<p>&nbsp;<\/p>\n<p><strong><em>onsdag 20 februari 2020<\/em><\/strong><br \/>\n<strong>Nytt postnummer<br \/>\n<\/strong>Vi f\u00e5r nytt postnummer fr\u00e5n 2020-03-02, det nya postnumret blir <strong>417 03<\/strong>.<strong><em><br \/>\n<\/em><\/strong><\/p>\n<p><strong><em>Torsdag 18 juli 2019<\/em><\/strong><br \/>\n<strong>Sommartider<br \/>\n<\/strong>Nu \u00e4r sommaren h\u00e4r och vi t\u00e4nker ha lite semester. Kontoret kommer vara helt st\u00e4ngt vecka 30-31 (22\/7-4\/8).<\/p>\n<p>Inl\u00e4mning av era papper beh\u00f6ver g\u00f6ras enligt f\u00f6ljande f\u00f6r att vi skall hinna med under sommaren:<\/p>\n<p>F\u00f6r er som vi g\u00f6r momsdeklaration s\u00e5 m\u00e5ste\u00a0<strong>JULI:s<\/strong> papper vara inne senast <strong>20 augusti<\/strong>.<br \/>\nF\u00f6r er som vi g\u00f6r arbetsgivardeklaration m\u00e5ste\u00a0<strong>AUGUSTI:s<\/strong> l\u00f6neunderlag vara oss till handa senast <strong>9 augusti<\/strong>.<\/p>\n<p><em><em><em><em><em><em><em><em><i><em><em>Trevlig sommar!<br \/>\n<\/em><\/em><\/i><\/em><\/em><\/em><\/em><\/em><\/em><\/em><\/em><em><em><em><em><em><em><em><em><i><em><em>Snurrorna<\/em><\/em><\/i><\/em><\/em><\/em><\/em><\/em><\/em><\/em><\/em><\/p>\n<p><em><strong>Onsdag 4 juli 2018<br \/>\n<\/strong><\/em><strong>Sommartider<br \/>\n<\/strong>Nu \u00e4r sommaren h\u00e4r och vi t\u00e4nker ha lite semester. Kontoret kommer vara helt st\u00e4ngt vecka 30-31 (23\/7-5\/8).<\/p>\n<p><em id=\"__mceDel\"> De flesta dagar finns det n\u00e5gon p\u00e5 kontoret mellan 09:00-15:00. Men ring g\u00e4rna innan f\u00f6r att vara s\u00e4ker.<\/em><\/p>\n<p>Inl\u00e4mning av era papper beh\u00f6ver g\u00f6ras enligt f\u00f6ljande f\u00f6r att vi skall hinna med under sommaren:<br \/>\nF\u00f6r er som vi g\u00f6r momsdeklaration s\u00e5 m\u00e5ste\u00a0<strong>JUNI:s<\/strong> papper vara inne senast <strong>16 juli<\/strong>.<br \/>\nF\u00f6r er som vi g\u00f6r arbetsgivardeklaration m\u00e5ste <strong>JULI:s<\/strong> l\u00f6neunderlag vara oss till handa senast <strong>10 juli<\/strong>.<\/p>\n<p>F\u00f6r er som vi g\u00f6r momsdeklaration s\u00e5 m\u00e5ste\u00a0<strong>JULI:s<\/strong> papper vara inne senast <strong>20 augusti<\/strong>.<br \/>\nF\u00f6r er som vi g\u00f6r arbetsgivardeklaration m\u00e5ste\u00a0<strong>AUGUSTI:s<\/strong> l\u00f6neunderlag vara oss till handa senast <strong>10 augusti<\/strong>.<\/p>\n<p>F\u00f6r er med kvartalsmoms f\u00f6r kvartal 2 m\u00e5ste vi har era underlag senast den <strong>16 juli.<\/strong><em><em><em><em><em><em><em><em><i><em><br \/>\n<\/em><\/i><\/em><\/em><\/em><\/em><\/em><\/em><\/em><\/em><i><\/i><\/p>\n<p><em><em><em><em><em><em><em><em><i><em><em>Vi \u00f6nskar er en trevlig sommar!<br \/>\nSnurrorna<\/em><\/em><\/i><\/em><\/em><\/em><\/em><\/em><\/em><\/em><\/em><\/p>\n<p><em><em><em><em><em><em><em><em><i><em><strong>Fredag\u00a03 februari 2017<br \/>\n<\/strong><\/em><\/i><\/em><\/em><\/em><\/em><\/em><\/em><\/em><\/em><em id=\"__mceDel\"><strong>Representation<br \/>\n<\/strong><\/em><em id=\"__mceDel\">Fr\u00e5n 2017-01-01 har avdragsr\u00e4tten f\u00f6r representation slopats. Det inneb\u00e4r att det fortfarande \u00e4r till\u00e5tet att representera i samband med en aff\u00e4rsuppg\u00f6relse men du bokf\u00f6r kostnaden som ej avdragsgill(blir skattepliktig). Momsen har man dock r\u00e4tt att dra av upp till en kvittosumma p\u00e5 300 kr\/person. G\u00e4ller \u00e4ven internrepresentation dvs julfester m m.<br \/>\n<em id=\"__mceDel\"><em><em><em><em><em><em><em><em><i><br \/>\n<strong>M\u00e5ndag\u00a029\u00a0augusti 2016<\/strong><br \/>\n<\/i><\/em><\/em><\/em><\/em><\/em><\/em><\/em><\/em><\/em><\/em><strong>Herkulesgatan 1G<br \/>\n<\/strong><em id=\"__mceDel\">V\u00e4lkomna till oss p\u00e5 v\u00e5ran nya adress Herkulesgatan 1G.<\/em><\/p>\n<p><strong><em>Onsdag\u00a04\u00a0maj 2016<\/em><\/strong><br \/>\n<strong>St\u00e4ngt<\/strong><em><strong><br \/>\n<\/strong><\/em>Kontoret kommer vara helt st\u00e4ngt fredagen den 6 maj. Vi \u00f6nskar alla en\u00a0trevlig Kristi himmelsf\u00e4rds helg!<em><em><em><em><em><br \/>\n<\/em><\/em><\/em><\/em><\/em><\/p>\n<p><strong><em>M\u00e5ndag\u00a011 maj 2015<\/em><\/strong><br \/>\n<strong>St\u00e4ngt fredag 15 maj<br \/>\n<\/strong>Nu p\u00e5 fredag den 15 maj kommer kontoret h\u00e5lla st\u00e4ngt. \u00d6nskar alla kunder en trevlig Kristi Himmelsf\u00e4rds helg.<\/p>\n<p><strong><em>M\u00e5ndag 19 maj 2013<\/em><\/strong><br \/>\n<strong>Telefontider<\/strong><br \/>\nKontorets ordinarie telefontid \u00e4r mellan 9.00\u201315.00. Lunchst\u00e4ngt 12\u201313.<\/p>\n<p><strong><em>M\u00e5ndag 19 maj 2013<\/em><\/strong><br \/>\n<strong>Ny hemsida<\/strong><br \/>\n\u00c4ntligen har vi f\u00e5tt ordning p\u00e5 v\u00e5ran hemsida, hoppas ni kommer att gilla den!<\/p>\n","protected":false},"excerpt":{"rendered":"<p>Fredag 9 maj 2025 Vi har flyttat Vi sitter nu mer p\u00e5 Herkulesgatan 3A. &nbsp; Moms varje m\u00e5nad Juni m\u00e5nads papper\u00a0\u00a0 \u00a0\u00a0\u00a0\u00a0\u00a0\u00a0\u00a0\u00a0\u00a0\u00a0\u00a0\u00a0\u00a0\u00a0\u00a0\u00a0\u00a0\u00a0\u00a0\u00a0\u00a0\u00a0\u00a0\u00a0\u00a0 Senast den 12 jul Juli m\u00e5nads papper\u00a0\u00a0\u00a0\u00a0\u00a0\u00a0\u00a0\u00a0\u00a0\u00a0\u00a0\u00a0\u00a0\u00a0\u00a0\u00a0\u00a0\u00a0\u00a0\u00a0\u00a0\u00a0\u00a0\u00a0\u00a0\u00a0\u00a0\u00a0\u00a0\u00a0 Senast den 19 augusti Trem\u00e5naders moms Kvartal 2\u00a0\u00a0\u00a0\u00a0\u00a0\u00a0\u00a0\u00a0\u00a0\u00a0\u00a0\u00a0\u00a0\u00a0\u00a0\u00a0\u00a0\u00a0\u00a0\u00a0\u00a0\u00a0\u00a0\u00a0\u00a0\u00a0\u00a0\u00a0\u00a0\u00a0\u00a0\u00a0\u00a0\u00a0\u00a0\u00a0\u00a0\u00a0\u00a0\u00a0\u00a0\u00a0\u00a0\u00a0\u00a0\u00a0\u00a0\u00a0\u00a0\u00a0 Senast den 12 juli L\u00f6ner Juli m\u00e5nads l\u00f6neutbetalning\u00a0\u00a0\u00a0\u00a0\u00a0\u00a0\u00a0\u00a0\u00a0\u00a0\u00a0\u00a0\u00a0\u00a0 Senast den 8 juli Augusti m\u00e5nads l\u00f6neutbetalning\u00a0\u00a0\u00a0\u00a0\u00a0\u00a0 Senast den 10&hellip;&nbsp;<a href=\"http:\/\/www.raknesnurran.se\/?page_id=13\" rel=\"bookmark\"><span class=\"screen-reader-text\">Information<\/span><\/a><\/p>\n","protected":false},"author":1,"featured_media":0,"parent":0,"menu_order":0,"comment_status":"open","ping_status":"open","template":"","meta":{"neve_meta_sidebar":"","neve_meta_container":"","neve_meta_enable_content_width":"","neve_meta_content_width":0,"neve_meta_title_alignment":"","neve_meta_author_avatar":"","neve_post_elements_order":"","neve_meta_disable_header":"","neve_meta_disable_footer":"","neve_meta_disable_title":"","footnotes":""},"class_list":["post-13","page","type-page","status-publish","hentry"],"_links":{"self":[{"href":"http:\/\/www.raknesnurran.se\/index.php?rest_route=\/wp\/v2\/pages\/13","targetHints":{"allow":["GET"]}}],"collection":[{"href":"http:\/\/www.raknesnurran.se\/index.php?rest_route=\/wp\/v2\/pages"}],"about":[{"href":"http:\/\/www.raknesnurran.se\/index.php?rest_route=\/wp\/v2\/types\/page"}],"author":[{"embeddable":true,"href":"http:\/\/www.raknesnurran.se\/index.php?rest_route=\/wp\/v2\/users\/1"}],"replies":[{"embeddable":true,"href":"http:\/\/www.raknesnurran.se\/index.php?rest_route=%2Fwp%2Fv2%2Fcomments&post=13"}],"version-history":[{"count":124,"href":"http:\/\/www.raknesnurran.se\/index.php?rest_route=\/wp\/v2\/pages\/13\/revisions"}],"predecessor-version":[{"id":442,"href":"http:\/\/www.raknesnurran.se\/index.php?rest_route=\/wp\/v2\/pages\/13\/revisions\/442"}],"wp:attachment":[{"href":"http:\/\/www.raknesnurran.se\/index.php?rest_route=%2Fwp%2Fv2%2Fmedia&parent=13"}],"curies":[{"name":"wp","href":"https:\/\/api.w.org\/{rel}","templated":true}]}}